{"id":1166,"date":"2024-07-14T17:58:08","date_gmt":"2024-07-14T15:58:08","guid":{"rendered":"https:\/\/barghoutietfils.fr\/?post_type=product&#038;p=1166"},"modified":"2024-07-14T17:58:08","modified_gmt":"2024-07-14T15:58:08","slug":"theiere-arabe","status":"publish","type":"product","link":"https:\/\/barghoutietfils.fr\/index.php\/product\/theiere-arabe\/","title":{"rendered":"Th\u00e9i\u00e8re arabe"},"content":{"rendered":"<p>Th\u00e9i\u00e8re arabe<\/p>\n","protected":false},"excerpt":{"rendered":"<p>Th\u00e9i\u00e8re arabe<\/p>\n","protected":false},"featured_media":1126,"template":"","meta":{"_monsterinsights_skip_tracking":false,"_monsterinsights_sitenote_active":false,"_monsterinsights_sitenote_note":"","_monsterinsights_sitenote_category":0},"product_cat":[28],"product_tag":[58],"class_list":{"0":"post-1166","1":"product","2":"type-product","3":"status-publish","4":"has-post-thumbnail","6":"product_cat-bazar","7":"product_tag-caserole","9":"first","10":"instock","11":"shipping-taxable","12":"purchasable","13":"product-type-simple"},"yoast_head":"<!-- This site is optimized with the Yoast SEO plugin v24.6 - https:\/\/yoast.com\/wordpress\/plugins\/seo\/ -->\n<title>Th\u00e9i\u00e8re arabe - barghoutietfils.fr<\/title>\n<meta name=\"robots\" content=\"index, follow, max-snippet:-1, max-image-preview:large, max-video-preview:-1\" \/>\n<link rel=\"canonical\" href=\"https:\/\/barghoutietfils.fr\/index.php\/product\/theiere-arabe\/\" \/>\n<meta property=\"og:locale\" content=\"fr_FR\" \/>\n<meta property=\"og:type\" content=\"article\" \/>\n<meta property=\"og:title\" content=\"Th\u00e9i\u00e8re arabe - barghoutietfils.fr\" \/>\n<meta property=\"og:description\" content=\"Th\u00e9i\u00e8re arabe\" \/>\n<meta property=\"og:url\" content=\"https:\/\/barghoutietfils.fr\/index.php\/product\/theiere-arabe\/\" \/>\n<meta property=\"og:site_name\" content=\"barghoutietfils.fr\" \/>\n<meta property=\"og:image\" content=\"https:\/\/barghoutietfils.fr\/wp-content\/uploads\/2024\/07\/WhatsApp-Image-2024-07-13-at-13.23.31-3.jpeg\" \/>\n\t<meta property=\"og:image:width\" content=\"369\" \/>\n\t<meta property=\"og:image:height\" content=\"800\" \/>\n\t<meta property=\"og:image:type\" content=\"image\/jpeg\" \/>\n<meta name=\"twitter:card\" content=\"summary_large_image\" \/>\n<script type=\"application\/ld+json\" class=\"yoast-schema-graph\">{\"@context\":\"https:\/\/schema.org\",\"@graph\":[{\"@type\":\"WebPage\",\"@id\":\"https:\/\/barghoutietfils.fr\/index.php\/product\/theiere-arabe\/\",\"url\":\"https:\/\/barghoutietfils.fr\/index.php\/product\/theiere-arabe\/\",\"name\":\"Th\u00e9i\u00e8re arabe - barghoutietfils.fr\",\"isPartOf\":{\"@id\":\"https:\/\/barghoutietfils.fr\/#website\"},\"primaryImageOfPage\":{\"@id\":\"https:\/\/barghoutietfils.fr\/index.php\/product\/theiere-arabe\/#primaryimage\"},\"image\":{\"@id\":\"https:\/\/barghoutietfils.fr\/index.php\/product\/theiere-arabe\/#primaryimage\"},\"thumbnailUrl\":\"https:\/\/barghoutietfils.fr\/wp-content\/uploads\/2024\/07\/WhatsApp-Image-2024-07-13-at-13.23.31-3.jpeg\",\"datePublished\":\"2024-07-14T15:58:08+00:00\",\"breadcrumb\":{\"@id\":\"https:\/\/barghoutietfils.fr\/index.php\/product\/theiere-arabe\/#breadcrumb\"},\"inLanguage\":\"fr-FR\",\"potentialAction\":[{\"@type\":\"ReadAction\",\"target\":[\"https:\/\/barghoutietfils.fr\/index.php\/product\/theiere-arabe\/\"]}]},{\"@type\":\"ImageObject\",\"inLanguage\":\"fr-FR\",\"@id\":\"https:\/\/barghoutietfils.fr\/index.php\/product\/theiere-arabe\/#primaryimage\",\"url\":\"https:\/\/barghoutietfils.fr\/wp-content\/uploads\/2024\/07\/WhatsApp-Image-2024-07-13-at-13.23.31-3.jpeg\",\"contentUrl\":\"https:\/\/barghoutietfils.fr\/wp-content\/uploads\/2024\/07\/WhatsApp-Image-2024-07-13-at-13.23.31-3.jpeg\",\"width\":369,\"height\":800},{\"@type\":\"BreadcrumbList\",\"@id\":\"https:\/\/barghoutietfils.fr\/index.php\/product\/theiere-arabe\/#breadcrumb\",\"itemListElement\":[{\"@type\":\"ListItem\",\"position\":1,\"name\":\"Accueil\",\"item\":\"https:\/\/barghoutietfils.fr\/\"},{\"@type\":\"ListItem\",\"position\":2,\"name\":\"Nos produits\",\"item\":\"https:\/\/barghoutietfils.fr\/index.php\/shop\/\"},{\"@type\":\"ListItem\",\"position\":3,\"name\":\"Th\u00e9i\u00e8re arabe\"}]},{\"@type\":\"WebSite\",\"@id\":\"https:\/\/barghoutietfils.fr\/#website\",\"url\":\"https:\/\/barghoutietfils.fr\/\",\"name\":\"barghoutietfils.fr\",\"description\":\"\",\"publisher\":{\"@id\":\"https:\/\/barghoutietfils.fr\/#organization\"},\"potentialAction\":[{\"@type\":\"SearchAction\",\"target\":{\"@type\":\"EntryPoint\",\"urlTemplate\":\"https:\/\/barghoutietfils.fr\/?s={search_term_string}\"},\"query-input\":{\"@type\":\"PropertyValueSpecification\",\"valueRequired\":true,\"valueName\":\"search_term_string\"}}],\"inLanguage\":\"fr-FR\"},{\"@type\":\"Organization\",\"@id\":\"https:\/\/barghoutietfils.fr\/#organization\",\"name\":\"barghoutietfils.fr\",\"url\":\"https:\/\/barghoutietfils.fr\/\",\"logo\":{\"@type\":\"ImageObject\",\"inLanguage\":\"fr-FR\",\"@id\":\"https:\/\/barghoutietfils.fr\/#\/schema\/logo\/image\/\",\"url\":\"https:\/\/barghoutietfils.fr\/wp-content\/uploads\/2024\/06\/cropped-WhatsApp-Image-2024-07-13-at-15.18.25.jpeg\",\"contentUrl\":\"https:\/\/barghoutietfils.fr\/wp-content\/uploads\/2024\/06\/cropped-WhatsApp-Image-2024-07-13-at-15.18.25.jpeg\",\"width\":512,\"height\":512,\"caption\":\"barghoutietfils.fr\"},\"image\":{\"@id\":\"https:\/\/barghoutietfils.fr\/#\/schema\/logo\/image\/\"}}]}<\/script>\n<!-- \/ Yoast SEO plugin. -->","yoast_head_json":{"title":"Th\u00e9i\u00e8re arabe - barghoutietfils.fr","robots":{"index":"index","follow":"follow","max-snippet":"max-snippet:-1","max-image-preview":"max-image-preview:large","max-video-preview":"max-video-preview:-1"},"canonical":"https:\/\/barghoutietfils.fr\/index.php\/product\/theiere-arabe\/","og_locale":"fr_FR","og_type":"article","og_title":"Th\u00e9i\u00e8re arabe - barghoutietfils.fr","og_description":"Th\u00e9i\u00e8re arabe","og_url":"https:\/\/barghoutietfils.fr\/index.php\/product\/theiere-arabe\/","og_site_name":"barghoutietfils.fr","og_image":[{"width":369,"height":800,"url":"https:\/\/barghoutietfils.fr\/wp-content\/uploads\/2024\/07\/WhatsApp-Image-2024-07-13-at-13.23.31-3.jpeg","type":"image\/jpeg"}],"twitter_card":"summary_large_image","schema":{"@context":"https:\/\/schema.org","@graph":[{"@type":"WebPage","@id":"https:\/\/barghoutietfils.fr\/index.php\/product\/theiere-arabe\/","url":"https:\/\/barghoutietfils.fr\/index.php\/product\/theiere-arabe\/","name":"Th\u00e9i\u00e8re arabe - barghoutietfils.fr","isPartOf":{"@id":"https:\/\/barghoutietfils.fr\/#website"},"primaryImageOfPage":{"@id":"https:\/\/barghoutietfils.fr\/index.php\/product\/theiere-arabe\/#primaryimage"},"image":{"@id":"https:\/\/barghoutietfils.fr\/index.php\/product\/theiere-arabe\/#primaryimage"},"thumbnailUrl":"https:\/\/barghoutietfils.fr\/wp-content\/uploads\/2024\/07\/WhatsApp-Image-2024-07-13-at-13.23.31-3.jpeg","datePublished":"2024-07-14T15:58:08+00:00","breadcrumb":{"@id":"https:\/\/barghoutietfils.fr\/index.php\/product\/theiere-arabe\/#breadcrumb"},"inLanguage":"fr-FR","potentialAction":[{"@type":"ReadAction","target":["https:\/\/barghoutietfils.fr\/index.php\/product\/theiere-arabe\/"]}]},{"@type":"ImageObject","inLanguage":"fr-FR","@id":"https:\/\/barghoutietfils.fr\/index.php\/product\/theiere-arabe\/#primaryimage","url":"https:\/\/barghoutietfils.fr\/wp-content\/uploads\/2024\/07\/WhatsApp-Image-2024-07-13-at-13.23.31-3.jpeg","contentUrl":"https:\/\/barghoutietfils.fr\/wp-content\/uploads\/2024\/07\/WhatsApp-Image-2024-07-13-at-13.23.31-3.jpeg","width":369,"height":800},{"@type":"BreadcrumbList","@id":"https:\/\/barghoutietfils.fr\/index.php\/product\/theiere-arabe\/#breadcrumb","itemListElement":[{"@type":"ListItem","position":1,"name":"Accueil","item":"https:\/\/barghoutietfils.fr\/"},{"@type":"ListItem","position":2,"name":"Nos produits","item":"https:\/\/barghoutietfils.fr\/index.php\/shop\/"},{"@type":"ListItem","position":3,"name":"Th\u00e9i\u00e8re arabe"}]},{"@type":"WebSite","@id":"https:\/\/barghoutietfils.fr\/#website","url":"https:\/\/barghoutietfils.fr\/","name":"barghoutietfils.fr","description":"","publisher":{"@id":"https:\/\/barghoutietfils.fr\/#organization"},"potentialAction":[{"@type":"SearchAction","target":{"@type":"EntryPoint","urlTemplate":"https:\/\/barghoutietfils.fr\/?s={search_term_string}"},"query-input":{"@type":"PropertyValueSpecification","valueRequired":true,"valueName":"search_term_string"}}],"inLanguage":"fr-FR"},{"@type":"Organization","@id":"https:\/\/barghoutietfils.fr\/#organization","name":"barghoutietfils.fr","url":"https:\/\/barghoutietfils.fr\/","logo":{"@type":"ImageObject","inLanguage":"fr-FR","@id":"https:\/\/barghoutietfils.fr\/#\/schema\/logo\/image\/","url":"https:\/\/barghoutietfils.fr\/wp-content\/uploads\/2024\/06\/cropped-WhatsApp-Image-2024-07-13-at-15.18.25.jpeg","contentUrl":"https:\/\/barghoutietfils.fr\/wp-content\/uploads\/2024\/06\/cropped-WhatsApp-Image-2024-07-13-at-15.18.25.jpeg","width":512,"height":512,"caption":"barghoutietfils.fr"},"image":{"@id":"https:\/\/barghoutietfils.fr\/#\/schema\/logo\/image\/"}}]}},"_links":{"self":[{"href":"https:\/\/barghoutietfils.fr\/index.php\/wp-json\/wp\/v2\/product\/1166","targetHints":{"allow":["GET"]}}],"collection":[{"href":"https:\/\/barghoutietfils.fr\/index.php\/wp-json\/wp\/v2\/product"}],"about":[{"href":"https:\/\/barghoutietfils.fr\/index.php\/wp-json\/wp\/v2\/types\/product"}],"wp:featuredmedia":[{"embeddable":true,"href":"https:\/\/barghoutietfils.fr\/index.php\/wp-json\/wp\/v2\/media\/1126"}],"wp:attachment":[{"href":"https:\/\/barghoutietfils.fr\/index.php\/wp-json\/wp\/v2\/media?parent=1166"}],"wp:term":[{"taxonomy":"product_cat","embeddable":true,"href":"https:\/\/barghoutietfils.fr\/index.php\/wp-json\/wp\/v2\/product_cat?post=1166"},{"taxonomy":"product_tag","embeddable":true,"href":"https:\/\/barghoutietfils.fr\/index.php\/wp-json\/wp\/v2\/product_tag?post=1166"}],"curies":[{"name":"wp","href":"https:\/\/api.w.org\/{rel}","templated":true}]}}